{"id":8012,"date":"2018-09-11T04:14:25","date_gmt":"2018-09-11T04:14:25","guid":{"rendered":"http:\/\/jrcengenharia.com\/?page_id=8012"},"modified":"2023-11-01T18:53:16","modified_gmt":"2023-11-01T21:53:16","slug":"home-version-three","status":"publish","type":"page","link":"https:\/\/jrcengenharia.com\/","title":{"rendered":"Home"},"content":{"rendered":"<p>[vc_row full_width=&#8221;stretch_row&#8221; parallax=&#8221;content-moving&#8221; parallax_image=&#8221;8643&#8243; css=&#8221;.vc_custom_1603396187096{margin-top: 0px !important;margin-bottom: 0px !important;padding-top: 175px !important;padding-bottom: 175px !important;background: #4c5b58 url(http:\/\/jrcengenharia.com\/wp-content\/uploads\/2018\/10\/home-version-nine-banner-new.jpg?id=8403);background-position:center;background-repeat:-repeat;background-size:cover !important;}&#8221; el_class=&#8221;visible-lg visible-md hidden-sm hidden-xs&#8221;][vc_column width=&#8221;7\/12&#8243; css=&#8221;.vc_custom_1536137817780{margin-top: 0px !important;margin-bottom: 0px !important;padding-top: 0px !important;padding-bottom: 0px !important;}&#8221;][vc_custom_heading text=&#8221;JRC Engenharia&#8221; font_container=&#8221;tag:h1|font_size:55px|text_align:left|color:%23ffffff|line_height:60px&#8221; use_theme_fonts=&#8221;yes&#8221; el_class=&#8221;font-weight-semibold letter-spacing&#8211;2&#8243; css=&#8221;.vc_custom_1602620561220{margin-top: 0px !important;margin-bottom: 25px !important;}&#8221;][vc_custom_heading text=&#8221;Servi\u00e7os na engenharia civil&#8221; font_container=&#8221;tag:div|font_size:20px|text_align:left|color:%23ffffff|line_height:20px&#8221; use_theme_fonts=&#8221;yes&#8221; css=&#8221;.vc_custom_1603389486298{margin-top: 0px !important;margin-right: 0px !important;margin-bottom: 25px !important;margin-left: 0px !important;}&#8221;][vc_custom_heading text=&#8221;Execu\u00e7\u00e3o de laudos de funda\u00e7\u00f5es, torres, rooftops e postes<br \/>\npara telecomunica\u00e7\u00f5es, bem como refor\u00e7os estruturais&#8221; font_container=&#8221;tag:div|font_size:20px|text_align:left|color:%23ffffff|line_height:20px&#8221; use_theme_fonts=&#8221;yes&#8221; css=&#8221;.vc_custom_1603389529150{margin-top: 0px !important;margin-right: 0px !important;margin-bottom: 25px !important;margin-left: 0px !important;}&#8221;][\/vc_column][vc_column width=&#8221;5\/12&#8243; css=&#8221;.vc_custom_1536137825410{margin-top: 0px !important;margin-bottom: 0px !important;padding-top: 0px !important;padding-bottom: 0px !important;}&#8221;][\/vc_column][\/vc_row][vc_row full_width=&#8221;stretch_row&#8221; css=&#8221;.vc_custom_1538375029476{margin-top: 0px !important;margin-bottom: 0px !important;padding-top: 120px !important;padding-bottom: 100px !important;background: #edf3ff url(http:\/\/jrcengenharia.com\/wp-content\/uploads\/2018\/10\/home-version-nine-banner-new.jpg?id=8403) !important;background-position: center !important;background-repeat: no-repeat !important;background-size: cover !important;}&#8221; el_class=&#8221;hidden-lg hidden-md visible-sm visible-xs&#8221;][vc_column width=&#8221;7\/12&#8243; css=&#8221;.vc_custom_1536137817780{margin-top: 0px !important;margin-bottom: 0px !important;padding-top: 0px !important;padding-bottom: 0px !important;}&#8221;][vc_custom_heading text=&#8221;JRC Engenharia&#8221; font_container=&#8221;tag:h1|font_size:35px|text_align:left|color:%23ffffff|line_height:45px&#8221; use_theme_fonts=&#8221;yes&#8221; el_class=&#8221;font-weight-semibold letter-spacing&#8211;2&#8243; css=&#8221;.vc_custom_1603160880536{margin-top: 0px !important;margin-bottom: 17px !important;}&#8221;][vc_custom_heading text=&#8221;Servi\u00e7os na engenharia civil: execu\u00e7\u00e3o de laudos de funda\u00e7\u00f5es, torres, rooftops e postes<br \/>\npara telecomunica\u00e7\u00f5es, bem como refor\u00e7os estruturais.&#8221; font_container=&#8221;tag:div|font_size:15px|text_align:left|color:%23ffffff|line_height:20px&#8221; use_theme_fonts=&#8221;yes&#8221; css=&#8221;.vc_custom_1603160890799{margin-top: 0px !important;margin-bottom: 25px !important;}&#8221;][\/vc_column][vc_column width=&#8221;5\/12&#8243;][\/vc_column][\/vc_row][vc_section full_width=&#8221;stretch_row&#8221; css=&#8221;.vc_custom_1536656215224{margin-top: 0px !important;margin-bottom: 0px !important;padding-top: 0px !important;padding-bottom: 0px !important;background-position: center !important;background-repeat: no-repeat !important;background-size: cover !important;}&#8221; el_class=&#8221;overflow-visible&#8221;][vc_row full_width=&#8221;stretch_row&#8221; equal_height=&#8221;yes&#8221; content_placement=&#8221;middle&#8221; css=&#8221;.vc_custom_1538799661231{margin-top: 0px !important;margin-right: 15px !important;margin-bottom: 0px !important;margin-left: 15px !important;padding-top: 42px !important;padding-bottom: 45px !important;}&#8221;][vc_column width=&#8221;1\/2&#8243; css=&#8221;.vc_custom_1538373052194{margin-top: 0px !important;margin-bottom: 0px !important;border-right-width: 1px !important;padding-top: 0px !important;padding-right: 25px !important;padding-bottom: 0px !important;padding-left: 0px !important;border-right-color: #e6e6e6 !important;border-right-style: solid !important;}&#8221;][vc_custom_heading text=&#8221;Alcan\u00e7ando o c\u00e9u junto com voc\u00ea!&#8221; font_container=&#8221;tag:h2|font_size:22px|text_align:left|color:%23070e19|line_height:35px&#8221; use_theme_fonts=&#8221;yes&#8221; el_class=&#8221;font-weight-bold letter-spacing&#8211;1&#8243; css=&#8221;.vc_custom_1603162063652{margin-top: 0px !important;margin-bottom: 0px !important;margin-left: 20px !important;}&#8221;][\/vc_column][vc_column width=&#8221;1\/2&#8243; css=&#8221;.vc_custom_1537773728884{padding-right: 25px !important;padding-left: 25px !important;}&#8221;][vc_column_text css=&#8221;.vc_custom_1603163981725{margin-top: 0px !important;margin-bottom: 0px !important;}&#8221;]A mais de 11 anos no mercado de constru\u00e7\u00e3o civil.<\/p>\n<p>Mais de 5 mil laudos e projetos executados.[\/vc_column_text][\/vc_column][\/vc_row][\/vc_section][vc_section full_width=&#8221;stretch_row&#8221; css=&#8221;.vc_custom_1536656215224{margin-top: 0px !important;margin-bottom: 0px !important;padding-top: 0px !important;padding-bottom: 0px !important;background-position: center !important;background-repeat: no-repeat !important;background-size: cover !important;}&#8221; el_class=&#8221;overflow-visible&#8221;][vc_row css=&#8221;.vc_custom_1538798218747{margin-top: 0px !important;margin-bottom: 0px !important;padding-top: 0px !important;padding-bottom: 0px !important;}&#8221;][vc_column width=&#8221;1\/3&#8243; css=&#8221;.vc_custom_1537774001152{margin-bottom: 20px !important;}&#8221;]\r<!-- fancy-text-box -->\r<div class=\"rt-fancy-text-box element-eight  rt1264370002 \" ><div class=\"holder matchHeight \"><div class=\"pic\"><img loading=\"lazy\" decoding=\"async\" width=\"960\" height=\"640\" src=\"https:\/\/jrcengenharia.com\/wp-content\/uploads\/2020\/10\/2.jpg\" class=\"attachment-full size-full\" alt=\"\" srcset=\"https:\/\/jrcengenharia.com\/wp-content\/uploads\/2020\/10\/2.jpg 960w, https:\/\/jrcengenharia.com\/wp-content\/uploads\/2020\/10\/2-300x200.jpg 300w, https:\/\/jrcengenharia.com\/wp-content\/uploads\/2020\/10\/2-768x512.jpg 768w\" sizes=\"auto, (max-width: 960px) 100vw, 960px\" \/><\/div><div class=\"data\"><h3 class=\"title\">Miss\u00e3o<\/h3><p class=\"content\">Nossa miss\u00e3o \u00e9 atender nossos clientes com efici\u00eancia apresentando a melhor solu\u00e7\u00e3o<br \/>\npara os laudos e refor\u00e7os estruturais.<\/p><a class=\"btn\" href=\"http:\/\/jrcengenharia.com\/index.php\/servicos-engenharia\/\" >Saiba mais<i class=\"fa fa-angle-right\"><\/i><\/a><\/div><\/div><\/div>\r<!-- fancy-text-box -->\r[\/vc_column][vc_column width=&#8221;1\/3&#8243; css=&#8221;.vc_custom_1537774009356{margin-bottom: 20px !important;}&#8221;]\r<!-- fancy-text-box -->\r<div class=\"rt-fancy-text-box element-eight  rt285073092 \" ><div class=\"holder matchHeight \"><div class=\"pic\"><img loading=\"lazy\" decoding=\"async\" width=\"960\" height=\"640\" src=\"https:\/\/jrcengenharia.com\/wp-content\/uploads\/2020\/10\/aterramento-torre-de-celular-1.png\" class=\"attachment-full size-full\" alt=\"\" srcset=\"https:\/\/jrcengenharia.com\/wp-content\/uploads\/2020\/10\/aterramento-torre-de-celular-1.png 960w, https:\/\/jrcengenharia.com\/wp-content\/uploads\/2020\/10\/aterramento-torre-de-celular-1-300x200.png 300w, https:\/\/jrcengenharia.com\/wp-content\/uploads\/2020\/10\/aterramento-torre-de-celular-1-768x512.png 768w\" sizes=\"auto, (max-width: 960px) 100vw, 960px\" \/><\/div><div class=\"data\"><h3 class=\"title\">Vis\u00e3o<\/h3><p class=\"content\">N\u00f3s queremos ser a empresa de Engenharia Civil refer\u00eancia no mercado pelo<br \/>\natendimento preciso e tecnol\u00f3gico no seguimento.<\/p><a class=\"btn\" href=\"http:\/\/jrcengenharia.com\/index.php\/servicos-engenharia\/\" >Saiba mais<i class=\"fa fa-angle-right\"><\/i><\/a><\/div><\/div><\/div>\r<!-- fancy-text-box -->\r[\/vc_column][vc_column width=&#8221;1\/3&#8243; css=&#8221;.vc_custom_1537774018195{margin-bottom: 20px !important;}&#8221;]\r<!-- fancy-text-box -->\r<div class=\"rt-fancy-text-box element-eight  rt1949759528 \" ><div class=\"holder matchHeight \"><div class=\"pic\"><img loading=\"lazy\" decoding=\"async\" width=\"960\" height=\"640\" src=\"https:\/\/jrcengenharia.com\/wp-content\/uploads\/2020\/10\/poste1.jpg\" class=\"attachment-full size-full\" alt=\"\" srcset=\"https:\/\/jrcengenharia.com\/wp-content\/uploads\/2020\/10\/poste1.jpg 960w, https:\/\/jrcengenharia.com\/wp-content\/uploads\/2020\/10\/poste1-300x200.jpg 300w, https:\/\/jrcengenharia.com\/wp-content\/uploads\/2020\/10\/poste1-768x512.jpg 768w\" sizes=\"auto, (max-width: 960px) 100vw, 960px\" \/><\/div><div class=\"data\"><h3 class=\"title\">Valores<\/h3><p class=\"content\">Nossos valores s\u00e3o o comprometimento com nossos clientes, transpar\u00eancia e \u00e9tica com<br \/>\nnossos colaboradores.<\/p><a class=\"btn\" href=\"http:\/\/jrcengenharia.com\/index.php\/servicos-engenharia\/\" >Saiba mais<i class=\"fa fa-angle-right\"><\/i><\/a><\/div><\/div><\/div>\r<!-- fancy-text-box -->\r[\/vc_column][\/vc_row][\/vc_section][vc_row][vc_column][vc_text_separator title=&#8221;&#8221;][\/vc_column][\/vc_row][vc_section full_width=&#8221;stretch_row&#8221; css=&#8221;.vc_custom_1536656215224{margin-top: 0px !important;margin-bottom: 0px !important;padding-top: 0px !important;padding-bottom: 0px !important;background-position: center !important;background-repeat: no-repeat !important;background-size: cover !important;}&#8221; el_class=&#8221;overflow-visible&#8221;][vc_row][vc_column][\/vc_column][\/vc_row][\/vc_section][vc_section css=&#8221;.vc_custom_1536663352040{margin-top: 0px !important;margin-bottom: 0px !important;padding-top: 0px !important;padding-bottom: 0px !important;background-color: #ffffff !important;}&#8221;][vc_row css=&#8221;.vc_custom_1536664831226{margin-top: 0px !important;margin-right: 0px !important;margin-bottom: 0px !important;margin-left: 0px !important;padding-top: 60px !important;padding-bottom: 54px !important;background-image: url(http:\/\/jrcengenharia.com\/wp-content\/uploads\/2018\/09\/home-version-nine-thinking-drive.jpg?id=8023) !important;background-position: center !important;background-repeat: no-repeat !important;background-size: cover !important;}&#8221; el_class=&#8221;background-position-center-bottom&#8221;][vc_column css=&#8221;.vc_custom_1536664914798{margin-top: 0px !important;margin-bottom: 0px !important;padding-top: 0px !important;padding-right: 0px !important;padding-bottom: 0px !important;padding-left: 0px !important;}&#8221;][vc_row_inner css=&#8221;.vc_custom_1536664907716{margin-top: 0px !important;margin-right: 0px !important;margin-bottom: 0px !important;margin-left: 0px !important;border-bottom-width: 1px !important;padding-top: 0px !important;padding-bottom: 30px !important;border-bottom-color: #303742 !important;border-bottom-style: solid !important;}&#8221;][vc_column_inner width=&#8221;1\/12&#8243;][\/vc_column_inner][vc_column_inner width=&#8221;5\/6&#8243; css=&#8221;.vc_custom_1536661751995{margin-top: 0px !important;margin-bottom: 0px !important;padding-top: 0px !important;padding-bottom: 0px !important;}&#8221;][vc_custom_heading text=&#8221;Desenvolvemos, projetamos e avaliamos<br \/>\ncom responsabilidade e agilidade&#8221; font_container=&#8221;tag:h2|font_size:26px|text_align:center|color:%23ffffff|line_height:40px&#8221; use_theme_fonts=&#8221;yes&#8221; el_class=&#8221;font-weight-bold&#8221; css=&#8221;.vc_custom_1603216167722{margin-top: 0px !important;margin-bottom: 17px !important;}&#8221;][\/vc_column_inner][vc_column_inner width=&#8221;1\/12&#8243;][\/vc_column_inner][\/vc_row_inner][\/vc_column][\/vc_row][\/vc_section][vc_section][vc_row][vc_column][vc_row_inner][vc_column_inner width=&#8221;1\/3&#8243;]\r<!-- fancy-text-box -->\r<div class=\"rt-fancy-text-box element-two  rt1779655455 \" ><div class=\"holder matchHeight \"><div class=\"icon\"><div class=\"icon-holder\"><img loading=\"lazy\" decoding=\"async\" width=\"70\" height=\"70\" src=\"https:\/\/jrcengenharia.com\/wp-content\/uploads\/2018\/09\/90-Element-Shortcodes-Icon.png\" class=\"attachment-full size-full\" alt=\"90-Element-Shortcodes-Icon\" \/><\/div><\/div><div class=\"heading\"><p class=\"subtitle\">Laudos de verifica\u00e7\u00e3o e refor\u00e7o<\/p><\/div><\/div><\/div>\r<!-- fancy-text-box -->\r[\/vc_column_inner][vc_column_inner width=&#8221;1\/3&#8243;]\r<!-- fancy-text-box -->\r<div class=\"rt-fancy-text-box element-two  rt1284993272 \" ><div class=\"holder matchHeight \"><div class=\"icon\"><div class=\"icon-holder\"><img loading=\"lazy\" decoding=\"async\" width=\"70\" height=\"70\" src=\"https:\/\/jrcengenharia.com\/wp-content\/uploads\/2018\/09\/Unlimited-Theme-Colors-Icon.png\" class=\"attachment-full size-full\" alt=\"Unlimited-Theme-Colors-Icon\" \/><\/div><\/div><div class=\"heading\"><p class=\"subtitle\">Projetos b\u00e1sico e de detalhamento<\/p><\/div><\/div><\/div>\r<!-- fancy-text-box -->\r[\/vc_column_inner][vc_column_inner width=&#8221;1\/3&#8243;]\r<!-- fancy-text-box -->\r<div class=\"rt-fancy-text-box element-two  rt306682474 \" ><div class=\"holder matchHeight \"><div class=\"icon\"><div class=\"icon-holder\"><img loading=\"lazy\" decoding=\"async\" width=\"70\" height=\"70\" src=\"https:\/\/jrcengenharia.com\/wp-content\/uploads\/2018\/09\/80-Pre-built-Page-Templates.png\" class=\"attachment-full size-full\" alt=\"80-Pre-built-Page-Templates\" \/><\/div><\/div><div class=\"heading\"><p class=\"subtitle\">Execu\u00e7\u00e3o de obras<\/p><\/div><\/div><\/div>\r<!-- fancy-text-box -->\r[\/vc_column_inner][\/vc_row_inner][\/vc_column][\/vc_row][\/vc_section][vc_section full_width=&#8221;stretch_row&#8221; css=&#8221;.vc_custom_1536656215224{margin-top: 0px !important;margin-bottom: 0px !important;padding-top: 0px !important;padding-bottom: 0px !important;background-position: center !important;background-repeat: no-repeat !important;background-size: cover !important;}&#8221; el_class=&#8221;overflow-visible&#8221;][vc_row full_width=&#8221;stretch_row&#8221; equal_height=&#8221;yes&#8221; content_placement=&#8221;middle&#8221; css=&#8221;.vc_custom_1538799661231{margin-top: 0px !important;margin-right: 15px !important;margin-bottom: 0px !important;margin-left: 15px !important;padding-top: 42px !important;padding-bottom: 45px !important;}&#8221;][vc_column width=&#8221;1\/2&#8243; css=&#8221;.vc_custom_1538373052194{margin-top: 0px !important;margin-bottom: 0px !important;border-right-width: 1px !important;padding-top: 0px !important;padding-right: 25px !important;padding-bottom: 0px !important;padding-left: 0px !important;border-right-color: #e6e6e6 !important;border-right-style: solid !important;}&#8221;][vc_custom_heading text=&#8221;N\u00f3s somos uma das empresas de engenharia civil mais bem preparadas do mercado para te atender&#8221; font_container=&#8221;tag:h2|font_size:22px|text_align:left|color:%23070e19|line_height:35px&#8221; use_theme_fonts=&#8221;yes&#8221; el_class=&#8221;font-weight-bold letter-spacing&#8211;1&#8243; css=&#8221;.vc_custom_1603398344576{margin-top: 0px !important;margin-bottom: 0px !important;}&#8221;][\/vc_column][vc_column width=&#8221;1\/2&#8243; css=&#8221;.vc_custom_1537773728884{padding-right: 25px !important;padding-left: 25px !important;}&#8221;][vc_column_text css=&#8221;.vc_custom_1603216230418{margin-top: 0px !important;margin-bottom: 0px !important;}&#8221;]Estamos no mercado para atender com efic\u00e1cia e efici\u00eancia nossos clientes[\/vc_column_text][\/vc_column][\/vc_row][vc_row css=&#8221;.vc_custom_1538798218747{margin-top: 0px !important;margin-bottom: 0px !important;padding-top: 0px !important;padding-bottom: 0px !important;}&#8221;][vc_column width=&#8221;1\/3&#8243; css=&#8221;.vc_custom_1537774001152{margin-bottom: 20px !important;}&#8221;]\r<!-- fancy-text-box -->\r<div class=\"rt-fancy-text-box element-eight  rt23829262 \" ><div class=\"holder matchHeight \"><div class=\"pic\"><img loading=\"lazy\" decoding=\"async\" width=\"360\" height=\"266\" src=\"https:\/\/jrcengenharia.com\/wp-content\/uploads\/2018\/09\/home-version-nine-marketing-agency.jpg\" class=\"attachment-full size-full\" alt=\"home-version-nine-marketing-agency\" \/><\/div><div class=\"data\"><h3 class=\"title\">Laudos<\/h3><p class=\"content\">O Laudo Estrutural \u00e9 uma avalia\u00e7\u00e3o feita por um profissional habilitado frente \u00e0 uma necessidade do cliente de modificar uma edifica\u00e7\u00e3o j\u00e1 existente para uma amplia\u00e7\u00e3o, mudan\u00e7a de utiliza\u00e7\u00e3o e reforma, dentre outros objetivos.<\/p><a class=\"btn\" href=\"http:\/\/jrcengenharia.com\/index.php\/servicos-engenharia\/\" >Saiba mais<i class=\"fa fa-angle-right\"><\/i><\/a><\/div><\/div><\/div>\r<!-- fancy-text-box -->\r[\/vc_column][vc_column width=&#8221;1\/3&#8243; css=&#8221;.vc_custom_1537774009356{margin-bottom: 20px !important;}&#8221;]\r<!-- fancy-text-box -->\r<div class=\"rt-fancy-text-box element-eight  rt1113053686 \" ><div class=\"holder matchHeight \"><div class=\"pic\"><img loading=\"lazy\" decoding=\"async\" width=\"360\" height=\"266\" src=\"https:\/\/jrcengenharia.com\/wp-content\/uploads\/2018\/09\/home-version-nine-brand-management.jpg\" class=\"attachment-full size-full\" alt=\"home-version-nine-brand-management\" \/><\/div><div class=\"data\"><h3 class=\"title\">Projetos<\/h3><p class=\"content\">Um projeto estrutural \u00e9 um projeto complementar ao arquitet\u00f4nico cujo foco \u00e9 o dimensionamento e detalhamento dos elementos estruturais<\/p><a class=\"btn\" href=\"http:\/\/jrcengenharia.com\/index.php\/servicos-engenharia\/\" >Saiba mais<i class=\"fa fa-angle-right\"><\/i><\/a><\/div><\/div><\/div>\r<!-- fancy-text-box -->\r[\/vc_column][vc_column width=&#8221;1\/3&#8243; css=&#8221;.vc_custom_1537774018195{margin-bottom: 20px !important;}&#8221;]\r<!-- fancy-text-box -->\r<div class=\"rt-fancy-text-box element-eight  rt109802856 \" ><div class=\"holder matchHeight \"><div class=\"pic\"><img loading=\"lazy\" decoding=\"async\" width=\"360\" height=\"266\" src=\"https:\/\/jrcengenharia.com\/wp-content\/uploads\/2018\/09\/home-version-nine-insurance-consulting.jpg\" class=\"attachment-full size-full\" alt=\"home-version-nine-insurance-consulting\" \/><\/div><div class=\"data\"><h3 class=\"title\">Execu\u00e7\u00e3o de obras<\/h3><p class=\"content\">A execu\u00e7\u00e3o de uma obra vai muito al\u00e9m de visitas peri\u00f3dicas ao canteiro para se assegurar que as t\u00e9cnicas e materiais corretos est\u00e3o sendo empregados. Principalmente quando se tem por objetivo tamb\u00e9m o gerenciamento\/administra\u00e7\u00e3o do empreendimento.<\/p><a class=\"btn\" href=\"http:\/\/jrcengenharia.com\/index.php\/servicos-de-construcao\/\" >Saiba mais<i class=\"fa fa-angle-right\"><\/i><\/a><\/div><\/div><\/div>\r<!-- fancy-text-box -->\r[\/vc_column][\/vc_row][\/vc_section][vc_section full_width=&#8221;stretch_row&#8221; css=&#8221;.vc_custom_1536729627763{margin-top: 0px !important;margin-bottom: 0px !important;padding-top: 0px !important;padding-bottom: 0px !important;background-color: #ffffff !important;}&#8221; el_class=&#8221;background-position-center-bottom background-repeat-repeat-x&#8221;][vc_row css=&#8221;.vc_custom_1538799743235{margin-top: 0px !important;margin-bottom: 0px !important;padding-top: 50px !important;padding-bottom: 50px !important;}&#8221;][vc_column width=&#8221;1\/3&#8243; css=&#8221;.vc_custom_1536730854997{margin-top: 0px !important;margin-bottom: 0px !important;padding-top: 0px !important;padding-bottom: 0px !important;}&#8221;]<div style=\"text-align:center;font-size:48px;color:#070e19;\" class=\"rt-counterup element-one font-weight-bold\"  data-counterup-delay=\"100\" data-counterup-time=\"2000\">5000<\/div>[vc_custom_heading text=&#8221;Laudos executados&#8221; font_container=&#8221;tag:div|font_size:17px|text_align:center|color:%23000000|line_height:25px&#8221; use_theme_fonts=&#8221;yes&#8221; el_class=&#8221;font-weight-medium letter-spacing-0&#8243; css=&#8221;.vc_custom_1603230622490{margin-top: 11px !important;margin-bottom: 0px !important;}&#8221;][\/vc_column][vc_column width=&#8221;1\/3&#8243; css=&#8221;.vc_custom_1536730875445{margin-top: 0px !important;margin-bottom: 0px !important;border-right-width: 1px !important;border-left-width: 1px !important;padding-top: 0px !important;padding-bottom: 0px !important;border-left-color: #ececec !important;border-left-style: solid !important;border-right-color: #ececec !important;border-right-style: solid !important;}&#8221;]<div style=\"text-align:center;font-size:48px;color:#070e19;\" class=\"rt-counterup element-one font-weight-bold\"  data-counterup-delay=\"100\" data-counterup-time=\"2000\">10<\/div>[vc_custom_heading text=&#8221;Clientes&#8221; font_container=&#8221;tag:div|font_size:17px|text_align:center|color:%23000000|line_height:25px&#8221; use_theme_fonts=&#8221;yes&#8221; el_class=&#8221;font-weight-medium letter-spacing-0&#8243; css=&#8221;.vc_custom_1603230641503{margin-top: 11px !important;margin-bottom: 0px !important;}&#8221;][\/vc_column][vc_column width=&#8221;1\/3&#8243; css=&#8221;.vc_custom_1536730885078{margin-top: 0px !important;margin-bottom: 0px !important;padding-top: 0px !important;padding-bottom: 0px !important;}&#8221;]<div style=\"text-align:center;font-size:48px;color:#070e19;\" class=\"rt-counterup element-one font-weight-bold\"  data-counterup-delay=\"100\" data-counterup-time=\"2000\">10<\/div>[vc_custom_heading text=&#8221;Obras executadas&#8221; font_container=&#8221;tag:div|font_size:17px|text_align:center|color:%23070e19|line_height:25px&#8221; use_theme_fonts=&#8221;yes&#8221; el_class=&#8221;font-weight-medium letter-spacing-0&#8243; css=&#8221;.vc_custom_1603230681419{margin-top: 11px !important;margin-bottom: 0px !important;}&#8221;][\/vc_column][\/vc_row][\/vc_section][vc_row][vc_column][vc_empty_space][\/vc_column][\/vc_row][vc_row][vc_column]<!-- radiantthemes-custom-menu --><div class=\"radiantthemes-custom-menu element-one rt468702097 \"    ><ul id=\"menu-header-menu\" class=\"menu rt-mega-menu-transition-default\"><li id=\"menu-item-8455\" class=\"menu-item menu-item-type-post_type menu-item-object-page menu-item-home menu-flyout rt-mega-menu-hover item-8455\"><a  href=\"https:\/\/jrcengenharia.com\/\">Home<\/a><\/li>\n<li id=\"menu-item-8130\" class=\"menu-item menu-item-type-post_type menu-item-object-page menu-flyout rt-mega-menu-hover item-8130\"><a  href=\"https:\/\/jrcengenharia.com\/index.php\/sobre\/\">Sobre<\/a><\/li>\n<li id=\"menu-item-6711\" class=\"menu-item menu-item-type-custom menu-item-object-custom menu-item-has-children menu-flyout rt-mega-menu-hover item-6711\"><a >Servi\u00e7os<\/a>\n<ul class=\"\">\n\t<li id=\"menu-item-8202\" class=\"menu-item menu-item-type-post_type menu-item-object-page rt-mega-menu-hover item-8202\"><a  href=\"https:\/\/jrcengenharia.com\/index.php\/servicos-engenharia\/\">Servi\u00e7os de engenharia<\/a><\/li>\n\t<li id=\"menu-item-8201\" class=\"menu-item menu-item-type-post_type menu-item-object-page rt-mega-menu-hover item-8201\"><a  href=\"https:\/\/jrcengenharia.com\/index.php\/servicos-de-construcao\/\">Servi\u00e7os de constru\u00e7\u00e3o<\/a><\/li>\n<\/ul>\n<\/li>\n<li id=\"menu-item-8471\" class=\"menu-item menu-item-type-post_type menu-item-object-page menu-flyout rt-mega-menu-hover item-8471\"><a  href=\"https:\/\/jrcengenharia.com\/index.php\/contato\/\">Contatos<\/a><\/li>\n<\/ul><\/div>\r<!-- radiantthemes-custom-menu -->\r[\/vc_column][\/vc_row]<\/p>\n","protected":false},"excerpt":{"rendered":"<p>[vc_row full_width=&#8221;stretch_row&#8221; parallax=&#8221;content-moving&#8221; parallax_image=&#8221;8643&#8243; css=&#8221;.vc_custom_1603396187096{margin-top: 0px !important;margin-bottom: 0px !important;padding-top: 175px !important;padding-bottom: 175px !important;background: #4c5b58 url(http:\/\/jrcengenharia.com\/wp-content\/uploads\/2018\/10\/home-version-nine-banner-new.jpg?id=8403);background-position:center;background-repeat:-repeat;background-size:cover !important;}&#8221; el_class=&#8221;visible-lg visible-md hidden-sm hidden-xs&#8221;][vc_column width=&#8221;7\/12&#8243; css=&#8221;.vc_custom_1536137817780{margin-top: 0px !important;margin-bottom: 0px !important;padding-top: 0px !important;padding-bottom: 0px !important;}&#8221;][vc_custom_heading text=&#8221;JRC Engenharia&#8221; font_container=&#8221;tag:h1|font_size:55px|text_align:left|color:%23ffffff|line_height:60px&#8221; use_theme_fonts=&#8221;yes&#8221; el_class=&#8221;font-weight-semibold letter-spacing&#8211;2&#8243; css=&#8221;.vc_custom_1602620561220{margin-top: 0px !important;margin-bottom: 25px !important;}&#8221;][vc_custom_heading text=&#8221;Servi\u00e7os na engenharia civil&#8221; font_container=&#8221;tag:div|font_size:20px|text_align:left|color:%23ffffff|line_height:20px&#8221; use_theme_fonts=&#8221;yes&#8221; css=&#8221;.vc_custom_1603389486298{margin-top: 0px !important;margin-right: 0px !important;margin-bottom: 25px !important;margin-left: 0px [&hellip;]<\/p>\n","protected":false},"author":1,"featured_media":0,"parent":0,"menu_order":0,"comment_status":"closed","ping_status":"closed","template":"","meta":{"footnotes":""},"class_list":["post-8012","page","type-page","status-publish","hentry"],"_links":{"self":[{"href":"https:\/\/jrcengenharia.com\/index.php\/wp-json\/wp\/v2\/pages\/8012","targetHints":{"allow":["GET"]}}],"collection":[{"href":"https:\/\/jrcengenharia.com\/index.php\/wp-json\/wp\/v2\/pages"}],"about":[{"href":"https:\/\/jrcengenharia.com\/index.php\/wp-json\/wp\/v2\/types\/page"}],"author":[{"embeddable":true,"href":"https:\/\/jrcengenharia.com\/index.php\/wp-json\/wp\/v2\/users\/1"}],"replies":[{"embeddable":true,"href":"https:\/\/jrcengenharia.com\/index.php\/wp-json\/wp\/v2\/comments?post=8012"}],"version-history":[{"count":54,"href":"https:\/\/jrcengenharia.com\/index.php\/wp-json\/wp\/v2\/pages\/8012\/revisions"}],"predecessor-version":[{"id":8663,"href":"https:\/\/jrcengenharia.com\/index.php\/wp-json\/wp\/v2\/pages\/8012\/revisions\/8663"}],"wp:attachment":[{"href":"https:\/\/jrcengenharia.com\/index.php\/wp-json\/wp\/v2\/media?parent=8012"}],"curies":[{"name":"wp","href":"https:\/\/api.w.org\/{rel}","templated":true}]}}