{"id":8078,"date":"2018-09-15T03:56:41","date_gmt":"2018-09-15T03:56:41","guid":{"rendered":"http:\/\/jrcengenharia.com\/?page_id=8078"},"modified":"2023-11-07T21:53:16","modified_gmt":"2023-11-08T00:53:16","slug":"sobre","status":"publish","type":"page","link":"https:\/\/jrcengenharia.com\/index.php\/sobre\/","title":{"rendered":"Sobre"},"content":{"rendered":"<p>[vc_row full_width=&#8221;stretch_row&#8221; css=&#8221;.vc_custom_1538810623537{margin-top: 0px !important;margin-bottom: 0px !important;padding-top: 70px !important;padding-bottom: 40px !important;background-color: #ffffff !important;}&#8221;][vc_column width=&#8221;7\/12&#8243; css=&#8221;.vc_custom_1538810524253{margin-top: -8px !important;margin-bottom: 0px !important;padding-top: 0px !important;padding-bottom: 0px !important;}&#8221;][vc_custom_heading text=&#8221;Sobre&#8221; font_container=&#8221;tag:h1|font_size:30px|text_align:left|line_height:40px&#8221; use_theme_fonts=&#8221;yes&#8221; el_class=&#8221;font-weight-bold&#8221; css=&#8221;.vc_custom_1602620807815{margin-top: 0px !important;margin-bottom: 15px !important;}&#8221;][vc_column_text]A JRC \u00e9 uma empresa de engenharia civil, com sede pr\u00f3pria na cidade de S\u00e3o Paulo h\u00e1 mais de 11 anos prestando servi\u00e7o na \u00e1rea.[\/vc_column_text][vc_column_text]Fundada por Carlos Souza que tem uma longa carreira como t\u00e9cnico de edifica\u00e7\u00f5es, graduado em engenharia civil pela Universidade Paulista (UNIP) e P\u00f3s-Graduado em Funda\u00e7\u00f5es e Obras Geot\u00e9cnicas pela Faculdade de Engenharia S\u00e3o Paulo (FESP).[\/vc_column_text][vc_column_text]Nossas especializa\u00e7\u00f5es dentro da constru\u00e7\u00e3o civil est\u00e3o voltadas para execu\u00e7\u00e3o de laudos de funda\u00e7\u00f5es, torres, rooftops e postes para telecomunica\u00e7\u00f5es, bem como refor\u00e7o estrutural.[\/vc_column_text][vc_column_text css=&#8221;.vc_custom_1603288665250{margin-top: 0px !important;margin-bottom: 20px !important;}&#8221;]Nos orgulhamos de satisfazer e superar todos os requisitos de nossos clientes.[\/vc_column_text][\/vc_column][vc_column css_animation=&#8221;fadeInUp&#8221; width=&#8221;5\/12&#8243; css=&#8221;.vc_custom_1538810514815{margin-top: 0px !important;margin-bottom: 0px !important;padding-top: 0px !important;padding-bottom: 0px !important;}&#8221;][vc_single_image image=&#8221;8466&#8243; img_size=&#8221;full&#8221;][\/vc_column][\/vc_row][vc_row full_width=&#8221;stretch_row&#8221; gap=&#8221;30&#8243; css=&#8221;.vc_custom_1536991337721{margin-top: 0px !important;margin-right: -15px !important;margin-bottom: 0px !important;margin-left: -15px !important;padding-top: 55px !important;padding-bottom: 15px !important;background-color: #fafafa !important;}&#8221;][vc_column css_animation=&#8221;fadeInUp&#8221; width=&#8221;1\/2&#8243; css=&#8221;.vc_custom_1536991840917{margin-top: 0px !important;margin-bottom: 40px !important;padding-top: 0px !important;padding-right: 0px !important;padding-bottom: 0px !important;padding-left: 0px !important;}&#8221;][vc_single_image image=&#8221;8099&#8243; img_size=&#8221;full&#8221; alignment=&#8221;center&#8221; css=&#8221;.vc_custom_1536988658061{margin-top: 0px !important;margin-bottom: 0px !important;}&#8221;][\/vc_column][vc_column css_animation=&#8221;fadeInUp&#8221; width=&#8221;1\/2&#8243; css=&#8221;.vc_custom_1537001891754{margin-top: 0px !important;margin-bottom: 40px !important;border-top-width: 1px !important;border-right-width: 1px !important;border-bottom-width: 1px !important;border-left-width: 1px !important;padding-top: 20px !important;padding-right: 28px !important;padding-bottom: 20px !important;padding-left: 28px !important;background-color: #ffffff !important;border-left-color: #ecebeb !important;border-left-style: solid !important;border-right-color: #ecebeb !important;border-right-style: solid !important;border-top-color: #ecebeb !important;border-top-style: solid !important;border-bottom-color: #ecebeb !important;border-bottom-style: solid !important;}&#8221;][vc_row_inner][vc_column_inner][vc_column_text]<\/p>\n<h4>POR QUE ESCOLHER A JRC?<\/h4>\n<p>[\/vc_column_text][vc_column_text]<\/p>\n<h5><strong>Entenda o porqu\u00ea a JRC Engenharia \u00e9 a melhor op\u00e7\u00e3o.<\/strong><\/h5>\n<p>[\/vc_column_text][\/vc_column_inner][\/vc_row_inner][vc_row_inner css=&#8221;.vc_custom_1538797674607{margin-top: 0px !important;margin-right: 0px !important;margin-bottom: 23px !important;margin-left: 0px !important;padding-top: 0px !important;padding-right: 0px !important;padding-bottom: 0px !important;padding-left: 75px !important;background-image: url(http:\/\/jrcengenharia.com\/wp-content\/uploads\/2018\/09\/About-Us-Four-First-Working-Process.png?id=8100) !important;background-position: 0 0 !important;background-repeat: no-repeat !important;}&#8221;][vc_column_inner css=&#8221;.vc_custom_1536988846903{margin-top: 0px !important;margin-right: 0px !important;margin-bottom: 0px !important;margin-left: 0px !important;padding-top: 0px !important;padding-right: 0px !important;padding-bottom: 0px !important;padding-left: 0px !important;}&#8221;][vc_custom_heading text=&#8221;AGILIDADE&#8221; font_container=&#8221;tag:div|font_size:20px|text_align:left|line_height:25px&#8221; use_theme_fonts=&#8221;yes&#8221; css=&#8221;.vc_custom_1603236683275{margin-top: 0px !important;margin-bottom: 6px !important;}&#8221;][vc_custom_heading text=&#8221;Nos comprometemos com os prazos&#8221; font_container=&#8221;tag:div|font_size:20px|text_align:left|line_height:25px&#8221; use_theme_fonts=&#8221;yes&#8221; css=&#8221;.vc_custom_1603236812055{margin-top: 0px !important;margin-bottom: 6px !important;}&#8221;][\/vc_column_inner][\/vc_row_inner][vc_row_inner css=&#8221;.vc_custom_1538797683929{margin-top: 0px !important;margin-right: 0px !important;margin-bottom: 23px !important;margin-left: 0px !important;padding-top: 0px !important;padding-right: 0px !important;padding-bottom: 0px !important;padding-left: 75px !important;background-image: url(http:\/\/jrcengenharia.com\/wp-content\/uploads\/2018\/09\/About-Us-Four-Dedicated-Team.png?id=8101) !important;background-position: 0 0 !important;background-repeat: no-repeat !important;}&#8221;][vc_column_inner css=&#8221;.vc_custom_1536988846903{margin-top: 0px !important;margin-right: 0px !important;margin-bottom: 0px !important;margin-left: 0px !important;padding-top: 0px !important;padding-right: 0px !important;padding-bottom: 0px !important;padding-left: 0px !important;}&#8221;][vc_custom_heading text=&#8221;QUALIFICA\u00c7\u00c3O&#8221; font_container=&#8221;tag:div|font_size:20px|text_align:left|line_height:25px&#8221; use_theme_fonts=&#8221;yes&#8221; css=&#8221;.vc_custom_1603236747544{margin-top: 0px !important;margin-bottom: 6px !important;}&#8221;][vc_custom_heading text=&#8221;Nossa equipe \u00e9 especializada nas \u00e1reas que atuamos, procuramos<br \/>\nsempre estarmos atualizados com as mudan\u00e7as do mercado&#8221; font_container=&#8221;tag:div|font_size:20px|text_align:left|line_height:25px&#8221; use_theme_fonts=&#8221;yes&#8221; css=&#8221;.vc_custom_1603236803087{margin-top: 0px !important;margin-bottom: 6px !important;}&#8221;][\/vc_column_inner][\/vc_row_inner][vc_row_inner css=&#8221;.vc_custom_1536989117978{margin-top: 0px !important;margin-right: 0px !important;margin-bottom: 0px !important;margin-left: 0px !important;padding-top: 0px !important;padding-right: 0px !important;padding-bottom: 0px !important;padding-left: 75px !important;background-image: url(http:\/\/jrcengenharia.com\/wp-content\/uploads\/2018\/09\/About-Us-Four-24-7-Hours-Support.png?id=8102) !important;background-position: 0 0 !important;background-repeat: no-repeat !important;}&#8221;][vc_column_inner css=&#8221;.vc_custom_1536988846903{margin-top: 0px !important;margin-right: 0px !important;margin-bottom: 0px !important;margin-left: 0px !important;padding-top: 0px !important;padding-right: 0px !important;padding-bottom: 0px !important;padding-left: 0px !important;}&#8221;][vc_custom_heading text=&#8221;TECNOLOGIA&#8221; font_container=&#8221;tag:div|font_size:20px|text_align:left|line_height:25px&#8221; use_theme_fonts=&#8221;yes&#8221; css=&#8221;.vc_custom_1603236835450{margin-top: 0px !important;margin-bottom: 6px !important;}&#8221;][vc_custom_heading text=&#8221;Estamos atentos \u00e0s mudan\u00e7as tecnol\u00f3gicas e a atualiza\u00e7\u00e3o dos sistemas&#8221; font_container=&#8221;tag:div|font_size:20px|text_align:left|line_height:25px&#8221; use_theme_fonts=&#8221;yes&#8221; css=&#8221;.vc_custom_1603236876701{margin-top: 0px !important;margin-bottom: 6px !important;}&#8221;][\/vc_column_inner][\/vc_row_inner][\/vc_column][\/vc_row][vc_row full_width=&#8221;stretch_row&#8221; parallax=&#8221;content-moving&#8221; parallax_speed_bg=&#8221;2.0&#8243; css=&#8221;.vc_custom_1536991798234{margin-top: 0px !important;margin-bottom: 0px !important;padding-top: 68px !important;padding-bottom: 25px !important;background-image: url(http:\/\/jrcengenharia.com\/wp-content\/uploads\/2018\/09\/About-Us-Four-Section-Background-Image.png?id=8103) !important;background-position: center;background-repeat: no-repeat;background-size:cover;}&#8221;][vc_column css_animation=&#8221;fadeInUp&#8221; width=&#8221;1\/2&#8243; css=&#8221;.vc_custom_1536991804255{margin-top: 0px !important;margin-bottom: 40px !important;padding-top: 0px !important;padding-bottom: 0px !important;}&#8221; offset=&#8221;vc_col-lg-3 vc_col-md-3 vc_col-xs-12&#8243;][vc_single_image image=&#8221;8615&#8243; img_size=&#8221;200&#215;200&#8243;][\/vc_column][vc_column css_animation=&#8221;fadeInUp&#8221; width=&#8221;1\/2&#8243; css=&#8221;.vc_custom_1536991814615{margin-top: 0px !important;margin-bottom: 40px !important;padding-top: 0px !important;padding-bottom: 0px !important;}&#8221; offset=&#8221;vc_col-lg-3 vc_col-md-2 vc_col-xs-12&#8243;][vc_single_image image=&#8221;8614&#8243; img_size=&#8221;200&#215;200&#8243;][\/vc_column][vc_column css_animation=&#8221;fadeInUp&#8221; width=&#8221;1\/2&#8243; css=&#8221;.vc_custom_1536991821042{margin-top: 0px !important;margin-bottom: 40px !important;padding-top: 0px !important;padding-bottom: 0px !important;}&#8221; offset=&#8221;vc_col-lg-3 vc_col-md-3 vc_col-xs-12&#8243;][vc_single_image image=&#8221;8616&#8243; img_size=&#8221;200&#215;200&#8243;][\/vc_column][vc_column css_animation=&#8221;fadeInUp&#8221; width=&#8221;1\/2&#8243; css=&#8221;.vc_custom_1536991832982{margin-top: 0px !important;margin-bottom: 40px !important;padding-top: 0px !important;padding-bottom: 0px !important;}&#8221; offset=&#8221;vc_col-lg-3 vc_col-md-3 vc_col-xs-12&#8243;][vc_single_image image=&#8221;8618&#8243; img_size=&#8221;200&#215;200&#8243;][\/vc_column][\/vc_row][vc_row][vc_column][vc_images_carousel images=&#8221;8661,8624,8623,8626,8622,8669&#8243; img_size=&#8221;full&#8221; onclick=&#8221;link_no&#8221; slides_per_view=&#8221;7&#8243; hide_pagination_control=&#8221;yes&#8221; hide_prev_next_buttons=&#8221;yes&#8221; css=&#8221;.vc_custom_1699404781107{margin-left: 100px !important;}&#8221;][\/vc_column][\/vc_row]<\/p>\n","protected":false},"excerpt":{"rendered":"<p>[vc_row full_width=&#8221;stretch_row&#8221; css=&#8221;.vc_custom_1538810623537{margin-top: 0px !important;margin-bottom: 0px !important;padding-top: 70px !important;padding-bottom: 40px !important;background-color: #ffffff !important;}&#8221;][vc_column width=&#8221;7\/12&#8243; css=&#8221;.vc_custom_1538810524253{margin-top: -8px !important;margin-bottom: 0px !important;padding-top: 0px !important;padding-bottom: 0px !important;}&#8221;][vc_custom_heading text=&#8221;Sobre&#8221; font_container=&#8221;tag:h1|font_size:30px|text_align:left|line_height:40px&#8221; use_theme_fonts=&#8221;yes&#8221; el_class=&#8221;font-weight-bold&#8221; css=&#8221;.vc_custom_1602620807815{margin-top: 0px !important;margin-bottom: 15px !important;}&#8221;][vc_column_text]A JRC \u00e9 uma empresa de engenharia civil, com sede pr\u00f3pria na cidade de S\u00e3o Paulo h\u00e1 mais de 11 anos prestando servi\u00e7o na [&hellip;]<\/p>\n","protected":false},"author":1,"featured_media":0,"parent":0,"menu_order":0,"comment_status":"closed","ping_status":"closed","template":"","meta":{"footnotes":""},"class_list":["post-8078","page","type-page","status-publish","hentry"],"_links":{"self":[{"href":"https:\/\/jrcengenharia.com\/index.php\/wp-json\/wp\/v2\/pages\/8078","targetHints":{"allow":["GET"]}}],"collection":[{"href":"https:\/\/jrcengenharia.com\/index.php\/wp-json\/wp\/v2\/pages"}],"about":[{"href":"https:\/\/jrcengenharia.com\/index.php\/wp-json\/wp\/v2\/types\/page"}],"author":[{"embeddable":true,"href":"https:\/\/jrcengenharia.com\/index.php\/wp-json\/wp\/v2\/users\/1"}],"replies":[{"embeddable":true,"href":"https:\/\/jrcengenharia.com\/index.php\/wp-json\/wp\/v2\/comments?post=8078"}],"version-history":[{"count":26,"href":"https:\/\/jrcengenharia.com\/index.php\/wp-json\/wp\/v2\/pages\/8078\/revisions"}],"predecessor-version":[{"id":8670,"href":"https:\/\/jrcengenharia.com\/index.php\/wp-json\/wp\/v2\/pages\/8078\/revisions\/8670"}],"wp:attachment":[{"href":"https:\/\/jrcengenharia.com\/index.php\/wp-json\/wp\/v2\/media?parent=8078"}],"curies":[{"name":"wp","href":"https:\/\/api.w.org\/{rel}","templated":true}]}}