{"id":8163,"date":"2018-09-18T07:17:43","date_gmt":"2018-09-18T07:17:43","guid":{"rendered":"http:\/\/jrcengenharia.com\/?page_id=8163"},"modified":"2020-10-22T17:44:42","modified_gmt":"2020-10-22T20:44:42","slug":"servicos-engenharia","status":"publish","type":"page","link":"https:\/\/jrcengenharia.com\/index.php\/servicos-engenharia\/","title":{"rendered":"Servi\u00e7os de engenharia"},"content":{"rendered":"<p>[vc_section full_width=&#8221;stretch_row&#8221; css=&#8221;.vc_custom_1537255155054{margin-top: 0px !important;margin-bottom: 0px !important;padding-top: 0px !important;padding-bottom: 0px !important;}&#8221;][vc_row full_width=&#8221;stretch_row&#8221; css=&#8221;.vc_custom_1537255205684{margin-top: 0px !important;margin-bottom: 0px !important;padding-top: 65px !important;padding-bottom: 60px !important;}&#8221;][vc_column][vc_row_inner][vc_column_inner width=&#8221;1\/6&#8243; css=&#8221;.vc_custom_1537255514706{margin-top: 0px !important;margin-bottom: 0px !important;padding-top: 0px !important;padding-bottom: 0px !important;}&#8221;][\/vc_column_inner][vc_column_inner width=&#8221;2\/3&#8243; css=&#8221;.vc_custom_1537255509203{margin-top: 0px !important;margin-bottom: 0px !important;padding-top: 0px !important;padding-bottom: 0px !important;}&#8221;][vc_custom_heading text=&#8221;Oferecemos servi\u00e7os de engenharia civil&#8221; font_container=&#8221;tag:h2|font_size:30px|text_align:center|color:%2319182a|line_height:40px&#8221; use_theme_fonts=&#8221;yes&#8221; css=&#8221;.vc_custom_1603285448797{margin-top: 0px !important;margin-bottom: 0px !important;padding-top: 0px !important;padding-bottom: 15px !important;}&#8221; el_class=&#8221;font-weight-bold letter-spacing-0&#8243;][\/vc_column_inner][vc_column_inner width=&#8221;1\/6&#8243; css=&#8221;.vc_custom_1537255249285{margin-top: 0px !important;margin-bottom: 0px !important;padding-top: 0px !important;padding-bottom: 0px !important;}&#8221;][\/vc_column_inner][\/vc_row_inner][vc_row_inner css=&#8221;.vc_custom_1537255376435{margin-top: 0px !important;margin-bottom: 0px !important;padding-top: 0px !important;padding-bottom: 0px !important;}&#8221;][vc_column_inner width=&#8221;1\/12&#8243; css=&#8221;.vc_custom_1537255348018{margin-top: 0px !important;margin-bottom: 0px !important;padding-top: 0px !important;padding-bottom: 0px !important;}&#8221;][\/vc_column_inner][vc_column_inner width=&#8221;5\/6&#8243; css=&#8221;.vc_custom_1537255382339{margin-top: 0px !important;margin-bottom: 0px !important;padding-top: 0px !important;padding-bottom: 0px !important;}&#8221;][vc_column_text]<\/p>\n<p style=\"text-align: center;\"><span style=\"color: #030712;\">Nossa equipe est\u00e1 preparada para te atender, interagindo com voc\u00ea<br \/>\nde forma a oferecer conhecimentos e servi\u00e7os para o desenvolvimento de<br \/>\nseu projeto.<\/span>[\/vc_column_text][\/vc_column_inner][vc_column_inner width=&#8221;1\/12&#8243; css=&#8221;.vc_custom_1537255364809{margin-top: 0px !important;margin-bottom: 0px !important;padding-top: 0px !important;padding-bottom: 0px !important;}&#8221;][\/vc_column_inner][\/vc_row_inner][vc_row_inner css=&#8221;.vc_custom_1537255701668{margin-top: 0px !important;margin-bottom: 0px !important;padding-top: 0px !important;padding-bottom: 0px !important;}&#8221;][vc_column_inner width=&#8221;1\/3&#8243; css=&#8221;.vc_custom_1537255693029{margin-top: 0px !important;margin-bottom: 0px !important;padding-top: 0px !important;padding-bottom: 0px !important;}&#8221;]\r<!-- fancy-text-box -->\r<div class=\"rt-fancy-text-box element-six  rt780020634 \" ><div class=\"holder matchHeight \"><div class=\"pic\"><img loading=\"lazy\" decoding=\"async\" width=\"800\" height=\"534\" src=\"https:\/\/jrcengenharia.com\/wp-content\/uploads\/2018\/05\/Blog-Image-02.jpg\" class=\"attachment-full size-full\" alt=\"Blog-Image-02\" \/><div class=\"pic-overlay\"><\/div><\/div><div class=\"data\"><h3 class=\"title\"><a href=\"#\" >Laudo<\/a><\/h3><p class=\"content\">Desenvolvimento de novas obras.<br \/>\nAn\u00e1lise e verifica\u00e7\u00e3o de levantamento estrutural, para c\u00e1lculo e resultado.<\/p><\/div><\/div><\/div>\r<!-- fancy-text-box -->\r[\/vc_column_inner][vc_column_inner width=&#8221;1\/3&#8243; css=&#8221;.vc_custom_1537257876935{margin-top: 0px !important;margin-bottom: 0px !important;padding-top: 0px !important;padding-bottom: 0px !important;}&#8221;]\r<!-- fancy-text-box -->\r<div class=\"rt-fancy-text-box element-six  rt288835812 \" ><div class=\"holder matchHeight \"><div class=\"pic\"><img loading=\"lazy\" decoding=\"async\" width=\"360\" height=\"233\" src=\"https:\/\/jrcengenharia.com\/wp-content\/uploads\/2018\/09\/2-1.png\" class=\"attachment-full size-full\" alt=\"2\" \/><div class=\"pic-overlay\"><\/div><\/div><div class=\"data\"><h3 class=\"title\"><a href=\"#\" >Refor\u00e7o<\/a><\/h3><p class=\"content\">An\u00e1lise da estrutura existente e laudo de refor\u00e7o para carregamento<br \/>\npretendido.<\/p><\/div><\/div><\/div>\r<!-- fancy-text-box -->\r[\/vc_column_inner][vc_column_inner width=&#8221;1\/3&#8243; css=&#8221;.vc_custom_1537257885037{margin-top: 0px !important;margin-bottom: 0px !important;padding-top: 0px !important;padding-bottom: 0px !important;}&#8221;]\r<!-- fancy-text-box -->\r<div class=\"rt-fancy-text-box element-six  rt464120394 \" ><div class=\"holder matchHeight \"><div class=\"pic\"><img loading=\"lazy\" decoding=\"async\" width=\"360\" height=\"233\" src=\"https:\/\/jrcengenharia.com\/wp-content\/uploads\/2018\/09\/3-1.png\" class=\"attachment-full size-full\" alt=\"3\" \/><div class=\"pic-overlay\"><\/div><\/div><div class=\"data\"><h3 class=\"title\"><a href=\"#\" >Projeto<\/a><\/h3><p class=\"content\">Projeto b\u00e1sico de estrutura existente e refor\u00e7o, bem como detalhamento.<\/p><\/div><\/div><\/div>\r<!-- fancy-text-box -->\r[\/vc_column_inner][\/vc_row_inner][\/vc_column][\/vc_row][\/vc_section][vc_section full_width=&#8221;stretch_row&#8221; css=&#8221;.vc_custom_1537255155054{margin-top: 0px !important;margin-bottom: 0px !important;padding-top: 0px !important;padding-bottom: 0px !important;}&#8221;][vc_row full_width=&#8221;stretch_row&#8221; css=&#8221;.vc_custom_1537255205684{margin-top: 0px !important;margin-bottom: 0px !important;padding-top: 65px !important;padding-bottom: 60px !important;}&#8221;][vc_column][vc_row_inner][vc_column_inner width=&#8221;1\/6&#8243; css=&#8221;.vc_custom_1537255514706{margin-top: 0px !important;margin-bottom: 0px !important;padding-top: 0px !important;padding-bottom: 0px !important;}&#8221;][\/vc_column_inner][vc_column_inner width=&#8221;2\/3&#8243; css=&#8221;.vc_custom_1537255509203{margin-top: 0px !important;margin-bottom: 0px !important;padding-top: 0px !important;padding-bottom: 0px !important;}&#8221;][vc_custom_heading text=&#8221;Nosso trabalho&#8221; font_container=&#8221;tag:h2|font_size:30px|text_align:center|color:%2319182a|line_height:40px&#8221; use_theme_fonts=&#8221;yes&#8221; css=&#8221;.vc_custom_1603398557503{margin-top: 0px !important;margin-bottom: 0px !important;padding-top: 0px !important;padding-bottom: 15px !important;}&#8221; el_class=&#8221;font-weight-bold letter-spacing-0&#8243;][\/vc_column_inner][vc_column_inner width=&#8221;1\/6&#8243; css=&#8221;.vc_custom_1537255249285{margin-top: 0px !important;margin-bottom: 0px !important;padding-top: 0px !important;padding-bottom: 0px !important;}&#8221;][\/vc_column_inner][\/vc_row_inner][vc_row_inner css=&#8221;.vc_custom_1537255701668{margin-top: 0px !important;margin-bottom: 0px !important;padding-top: 0px !important;padding-bottom: 0px !important;}&#8221;][vc_column_inner width=&#8221;1\/3&#8243; css=&#8221;.vc_custom_1537255693029{margin-top: 0px !important;margin-bottom: 0px !important;padding-top: 0px !important;padding-bottom: 0px !important;}&#8221;]\r<!-- fancy-text-box -->\r<div class=\"rt-fancy-text-box element-six  rt1665502596 \" ><div class=\"holder matchHeight \"><div class=\"pic\"><img loading=\"lazy\" decoding=\"async\" width=\"80\" height=\"80\" src=\"https:\/\/jrcengenharia.com\/wp-content\/uploads\/2018\/09\/2-2.png\" class=\"attachment-full size-full\" alt=\"2\" \/><div class=\"pic-overlay\"><\/div><\/div><div class=\"data\"><p class=\"content\">Elabora\u00e7\u00e3o e estudo de viabilidade t\u00e9cnica e legal (EVTL)<\/p><\/div><\/div><\/div>\r<!-- fancy-text-box -->\r[\/vc_column_inner][vc_column_inner width=&#8221;1\/3&#8243; css=&#8221;.vc_custom_1537257876935{margin-top: 0px !important;margin-bottom: 0px !important;padding-top: 0px !important;padding-bottom: 0px !important;}&#8221;]\r<!-- fancy-text-box -->\r<div class=\"rt-fancy-text-box element-six  rt1337894628 \" ><div class=\"holder matchHeight \"><div class=\"pic\"><img loading=\"lazy\" decoding=\"async\" width=\"80\" height=\"80\" src=\"https:\/\/jrcengenharia.com\/wp-content\/uploads\/2018\/09\/3-2.png\" class=\"attachment-full size-full\" alt=\"3\" \/><div class=\"pic-overlay\"><\/div><\/div><div class=\"data\"><p class=\"content\">Execu\u00e7\u00e3o de projetos arquitet\u00f4nicos, el\u00e9tricos, hidr\u00e1ulicos, estrutural e de ar condicionado<\/p><\/div><\/div><\/div>\r<!-- fancy-text-box -->\r[\/vc_column_inner][vc_column_inner width=&#8221;1\/3&#8243; css=&#8221;.vc_custom_1537257885037{margin-top: 0px !important;margin-bottom: 0px !important;padding-top: 0px !important;padding-bottom: 0px !important;}&#8221;]\r<!-- fancy-text-box -->\r<div class=\"rt-fancy-text-box element-six  rt1189636995 \" ><div class=\"holder matchHeight \"><div class=\"pic\"><img loading=\"lazy\" decoding=\"async\" width=\"80\" height=\"80\" src=\"https:\/\/jrcengenharia.com\/wp-content\/uploads\/2018\/09\/4-2.png\" class=\"attachment-full size-full\" alt=\"4\" \/><div class=\"pic-overlay\"><\/div><\/div><div class=\"data\"><p class=\"content\">Elabora\u00e7\u00e3o e analise de planilhas quantitativas e or\u00e7ament\u00e1rias<\/p><\/div><\/div><\/div>\r<!-- fancy-text-box -->\r[\/vc_column_inner][\/vc_row_inner][\/vc_column][\/vc_row][\/vc_section]<\/p>\n","protected":false},"excerpt":{"rendered":"<p>[vc_section full_width=&#8221;stretch_row&#8221; css=&#8221;.vc_custom_1537255155054{margin-top: 0px !important;margin-bottom: 0px !important;padding-top: 0px !important;padding-bottom: 0px !important;}&#8221;][vc_row full_width=&#8221;stretch_row&#8221; css=&#8221;.vc_custom_1537255205684{margin-top: 0px !important;margin-bottom: 0px !important;padding-top: 65px !important;padding-bottom: 60px !important;}&#8221;][vc_column][vc_row_inner][vc_column_inner width=&#8221;1\/6&#8243; css=&#8221;.vc_custom_1537255514706{margin-top: 0px !important;margin-bottom: 0px !important;padding-top: 0px !important;padding-bottom: 0px !important;}&#8221;][\/vc_column_inner][vc_column_inner width=&#8221;2\/3&#8243; css=&#8221;.vc_custom_1537255509203{margin-top: 0px !important;margin-bottom: 0px !important;padding-top: 0px !important;padding-bottom: 0px !important;}&#8221;][vc_custom_heading text=&#8221;Oferecemos servi\u00e7os de engenharia civil&#8221; font_container=&#8221;tag:h2|font_size:30px|text_align:center|color:%2319182a|line_height:40px&#8221; use_theme_fonts=&#8221;yes&#8221; css=&#8221;.vc_custom_1603285448797{margin-top: 0px !important;margin-bottom: 0px !important;padding-top: 0px !important;padding-bottom: [&hellip;]<\/p>\n","protected":false},"author":1,"featured_media":0,"parent":0,"menu_order":0,"comment_status":"closed","ping_status":"closed","template":"","meta":{"footnotes":""},"class_list":["post-8163","page","type-page","status-publish","hentry"],"_links":{"self":[{"href":"https:\/\/jrcengenharia.com\/index.php\/wp-json\/wp\/v2\/pages\/8163","targetHints":{"allow":["GET"]}}],"collection":[{"href":"https:\/\/jrcengenharia.com\/index.php\/wp-json\/wp\/v2\/pages"}],"about":[{"href":"https:\/\/jrcengenharia.com\/index.php\/wp-json\/wp\/v2\/types\/page"}],"author":[{"embeddable":true,"href":"https:\/\/jrcengenharia.com\/index.php\/wp-json\/wp\/v2\/users\/1"}],"replies":[{"embeddable":true,"href":"https:\/\/jrcengenharia.com\/index.php\/wp-json\/wp\/v2\/comments?post=8163"}],"version-history":[{"count":10,"href":"https:\/\/jrcengenharia.com\/index.php\/wp-json\/wp\/v2\/pages\/8163\/revisions"}],"predecessor-version":[{"id":8652,"href":"https:\/\/jrcengenharia.com\/index.php\/wp-json\/wp\/v2\/pages\/8163\/revisions\/8652"}],"wp:attachment":[{"href":"https:\/\/jrcengenharia.com\/index.php\/wp-json\/wp\/v2\/media?parent=8163"}],"curies":[{"name":"wp","href":"https:\/\/api.w.org\/{rel}","templated":true}]}}